{"id":129,"date":"2024-01-13T15:02:23","date_gmt":"2024-01-13T14:02:23","guid":{"rendered":"https:\/\/leannavfit.com\/?page_id=129"},"modified":"2024-01-13T15:02:24","modified_gmt":"2024-01-13T14:02:24","slug":"politique-de-cookies","status":"publish","type":"page","link":"https:\/\/leannavfit.com\/index.php\/politique-de-cookies\/","title":{"rendered":"Politique de cookies"},"content":{"rendered":"\n<p><strong>Politique de cookies<\/strong><\/p>\n\n\n\n<p>Des cookies et autres traceurs ou technologies similaires (ci-apr\u00e8s les \u00ab cookies \u00bb) sont d\u00e9pos\u00e9s, sous r\u00e9serve de vos consentements sp\u00e9cifiques, sur votre ordinateur, smartphone ou tablette (ci-apr\u00e8s l&rsquo;\u00ab Appareil \u00bb) lors de la visite du site web https:\/\/www.leannavfit.com, ci-apr\u00e8s \u00ab le Site \u00bb ou lors de la consultation d&rsquo;une publicit\u00e9.<\/p>\n\n\n\n<p><strong>1. Qu&rsquo;est-ce qu&rsquo;un cookie ?<\/strong><\/p>\n\n\n\n<p>Les cookies sont des petits fichiers textes d\u00e9pos\u00e9s sur votre Appareil dont le d\u00e9tail et les buts sont pr\u00e9sent\u00e9s ci-dessous. Les cookies sont g\u00e9r\u00e9s par votre navigateur internet, et seul l&rsquo;\u00e9metteur d&rsquo;un cookie est susceptible de lire ou de modifier les informations qui y sont contenues.<\/p>\n\n\n\n<p><strong>2. Quels types de cookies sont d\u00e9pos\u00e9s et dans quels buts ?<\/strong><\/p>\n\n\n\n<p><strong>2.1 Les cookies \u00e9diteur<\/strong><\/p>\n\n\n\n<p>Ces cookies garantissent le fonctionnement du Site leannavfit.com et permettent son optimisation. Il s&rsquo;agit des cookies exclusivement d\u00e9pos\u00e9s par le site https:\/\/www.leannavfit.com. Ils sont indispensables \u00e0 la navigation sur notre Site. Ils vous permettent d&rsquo;utiliser les principales fonctionnalit\u00e9s du Site et de s\u00e9curiser votre connexion. Ils nous permettent par exemple :<\/p>\n\n\n\n<ul class=\"wp-block-list\">\n<li>de mettre en \u0153uvre des mesures de s\u00e9curit\u00e9, par exemple lorsqu&rsquo;il vous est demand\u00e9 de vous connecter \u00e0 nouveau \u00e0 un contenu ou \u00e0 un service apr\u00e8s un certain temps;<\/li>\n\n\n\n<li>de m\u00e9moriser des informations relatives \u00e0 un formulaire que vous avez rempli sur notre Site (par exemple l&rsquo;inscription ou l&rsquo;acc\u00e8s \u00e0 votre compte) ou \u00e0 des produits, services ou informations que vous avez choisis sur notre Site (service souscrit comme newsletter ou alerte email, etc.);<\/li>\n\n\n\n<li>d&rsquo;adapter la pr\u00e9sentation de notre Site aux pr\u00e9f\u00e9rences d&rsquo;affichage de votre Appareil (langue utilis\u00e9e, r\u00e9solution d&rsquo;affichage, syst\u00e8me d&rsquo;exploitation utilis\u00e9, etc.) lors de vos visites sur notre Site, selon les mat\u00e9riels et les logiciels de visualisation ou de lecture que votre Appareil comporte;<\/li>\n\n\n\n<li>d&rsquo;adapter nos espaces publicitaires aux pr\u00e9f\u00e9rences d&rsquo;affichage de votre Appareil (langue utilis\u00e9e, r\u00e9solution d&rsquo;affichage, syst\u00e8me d&rsquo;exploitation utilis\u00e9, etc.), selon les mat\u00e9riels et les logiciels de visualisation ou de lecture que votre Appareil comporte;<\/li>\n\n\n\n<li>d&rsquo;\u00e9tablir des statistiques anonymes et volumes de fr\u00e9quentation et d&rsquo;utilisation des divers \u00e9l\u00e9ments composant notre Site (rubriques et contenus visit\u00e9s, parcours), nous permettant d&rsquo;am\u00e9liorer l&rsquo;int\u00e9r\u00eat et l&rsquo;ergonomie de nos services.<\/li>\n<\/ul>\n\n\n\n<p><strong>2.2 Les cookies de publicit\u00e9<\/strong><\/p>\n\n\n\n<p>Des cookies de tiers peuvent \u00e9galement \u00eatre d\u00e9pos\u00e9s sur votre Appareil. Il s&rsquo;agit notamment des cookies d\u00e9pos\u00e9s dans nos espaces publicitaires par :<\/p>\n\n\n\n<ul class=\"wp-block-list\">\n<li>l&rsquo;annonceur \u00e0 l&rsquo;origine du contenu publicitaire concern\u00e9;<\/li>\n\n\n\n<li>une soci\u00e9t\u00e9 tierce \u00e0 l&rsquo;annonceur (agence conseil en communication, soci\u00e9t\u00e9 de mesure d&rsquo;audience, prestataire de publicit\u00e9 cibl\u00e9e, etc.), qui a associ\u00e9 un cookie au contenu publicitaire d&rsquo;un annonceur;<\/li>\n\n\n\n<li>des r\u00e9gies publicitaires externes;<\/li>\n\n\n\n<li>des prestataires de solutions marketing agissant pour notre compte.<\/li>\n<\/ul>\n\n\n\n<p>L&rsquo;\u00e9mission et l&rsquo;utilisation de cookies par ces tiers sont soumises aux politiques de protection de la vie priv\u00e9e de ces tiers. Nous vous informons de la finalit\u00e9 de traitement des cookies dont nous avons connaissance. En acc\u00e9dant \u00e0 la liste des partenaires, vous pouvez consulter leur politique et param\u00e9trer vos choix \u00e0 l&rsquo;\u00e9gard de ces cookies. ces cookies tiers permettent de :<\/p>\n\n\n\n<ul class=\"wp-block-list\">\n<li>comptabiliser le nombre d&rsquo;affichages des contenus publicitaires diffus\u00e9s via nos espaces publicitaires, d&rsquo;identifier les publicit\u00e9s ainsi affich\u00e9es, le nombre d&rsquo;utilisateurs ayant cliqu\u00e9 sur chaque publicit\u00e9, pour permettre de calculer les sommes dues de ce fait et d&rsquo;\u00e9tablir des statistiques ;<\/li>\n\n\n\n<li>reconna\u00eetre votre Appareil lors de sa navigation ult\u00e9rieure sur tout autre Site ou service sur lequel ces annonceurs ou ces tiers \u00e9mettent \u00e9galement des cookies et, le cas \u00e9ch\u00e9ant, d&rsquo;adapter ces Sites et services tiers ou les publicit\u00e9s qu&rsquo;ils diffusent, \u00e0 la navigation de votre Appareil dont ils peuvent avoir connaissance ;<\/li>\n\n\n\n<li>d&rsquo;adapter les espaces publicitaires aux pr\u00e9f\u00e9rences d&rsquo;affichage de votre Appareil (langue utilis\u00e9e, r\u00e9solution d&rsquo;affichage, syst\u00e8me d&rsquo;exploitation utilis\u00e9, etc.), selon les mat\u00e9riels et les logiciels de visualisation ou de lecture que votre Appareil comporte ;<\/li>\n\n\n\n<li>d&rsquo;adapter les contenus publicitaires et \u00e9ditoriaux affich\u00e9s sur votre Appareil via nos espaces publicitaires selon la navigation de votre Appareil sur nos Sites et\/ou applications et selon vos centres d&rsquo;int\u00e9r\u00eat ;<\/li>\n\n\n\n<li>d&rsquo;identifier vos visites sur notre Site et de vous contacter afin de vous proposer nos offres commerciales par des op\u00e9rations de reciblage;<\/li>\n<\/ul>\n\n\n\n<p>Le refus de ces cookies publicitaires n&rsquo;a pas d&rsquo;impact sur l&rsquo;utilisation de notre Site : il n&rsquo;entra\u00eenera pas l&rsquo;arr\u00eat de la publicit\u00e9 sur notre Site ou sur Internet mais aura seulement pour effet d&rsquo;afficher une publicit\u00e9 qui ne tiendra pas compte de vos centres d&rsquo;int\u00e9r\u00eat ou de vos pr\u00e9f\u00e9rences.<br><br>Le d\u00e9p\u00f4t de ces cookies sur votre terminal se fait uniquement avec votre consentement. Vous pouvez \u00e0 tout moment vous informer et param\u00e9trer ces cookies tiers (conservation et acc\u00e8s aux informations ; s\u00e9lection, diffusion et signalement de publicit\u00e9s ; personnalisation ; s\u00e9lection, diffusion et signalement de contenu ; \u00e9valuation) pour les accepter ou les refuser en vous rendant sur notre interface de gestion des cookies dans la rubrique partenaires. La liste de cookies partenaires est susceptible d&rsquo;\u00e9voluer. Nous vous invitons \u00e0 la consulter r\u00e9guli\u00e8rement.<\/p>\n\n\n\n<p><strong>2.3 Les cookies de mesure d&rsquo;audience<\/strong><\/p>\n\n\n\n<p>Ces cookies permettent de mesurer la fr\u00e9quentation du site https:\/\/www.leannavfit.com. Ces cookies permettent :<\/p>\n\n\n\n<ul class=\"wp-block-list\">\n<li>de d\u00e9terminer vos centres d&rsquo;int\u00e9r\u00eat et vos comportements<\/li>\n\n\n\n<li>d&rsquo;am\u00e9liorer la connaissance clients\/utilisateurs \u00e0 des fins de personnalisation<\/li>\n<\/ul>\n\n\n\n<p>Le d\u00e9p\u00f4t de ces cookies sur votre Appareil se fait uniquement avec votre consentement. Vous pouvez \u00e0 tout moment vous informer et param\u00e9trer vos cookies pour les accepter ou les refuser en vous rendant sur notre interface de gestion des cookies.<\/p>\n\n\n\n<p><strong>2.4 Les cookies des r\u00e9seaux sociaux<\/strong><\/p>\n\n\n\n<p>Nous sommes susceptibles d&rsquo;inclure sur nos Sites, des applications informatiques \u00e9manant de tiers, qui vous permettent de partager des contenus de nos Sites avec d&rsquo;autres personnes ou de faire conna\u00eetre \u00e0 ces autres personnes votre consultation ou votre opinion concernant un contenu de nos Sites.<br>Tel est notamment le cas des boutons \u00ab Partager \u00bb, \u00ab J&rsquo;aime \u00bb, issus de r\u00e9seaux sociaux tels que \u00ab Facebook \u00bb, \u00ab Twitter \u00bb, \u00ab LinkedIn \u00bb, \u00ab Messenger \u00bb, etc. Le r\u00e9seau social fournissant un tel bouton applicatif est susceptible de vous identifier gr\u00e2ce \u00e0 ce bouton, m\u00eame si vous n&rsquo;avez pas utilis\u00e9 ce bouton lors de la consultation de nos Sites.<br>En effet, ce type de bouton applicatif peut permettre au r\u00e9seau social concern\u00e9 de suivre votre navigation sur nos Sites du seul fait que votre compte au r\u00e9seau social concern\u00e9 \u00e9tait activ\u00e9 sur votre Appareil (session ouverte) durant votre navigation sur notre Site.<br>Les cookies sociaux nous permettent de cr\u00e9er et diffuser certaines publicit\u00e9s et communications personnalis\u00e9es relatives \u00e0 nos publications et \u00e0 nos offres et services.<br>Pour rappel, nous n&rsquo;avons aucun contr\u00f4le sur le processus employ\u00e9 par les r\u00e9seaux sociaux pour collecter des informations relatives \u00e0 votre navigation, et associ\u00e9es aux donn\u00e9es personnelles dont ils disposent. Nous vous invitons \u00e0 consulter les politiques de protection de la vie priv\u00e9e de ces r\u00e9seaux sociaux afin de prendre connaissance des finalit\u00e9s d&rsquo;utilisation, notamment publicitaires, des informations de navigation qu&rsquo;ils peuvent recueillir gr\u00e2ce \u00e0 ces boutons applicatifs. Ces politiques de protection doivent notamment vous permettre d&rsquo;exercer vos choix aupr\u00e8s de ces r\u00e9seaux sociaux, notamment en param\u00e9trant vos comptes d&rsquo;utilisation de chacun de ces r\u00e9seaux.<br>Les politiques de donn\u00e9es personnelles et cookies de nos partenaires r\u00e9seaux sociaux vous permettant de param\u00e9trer vos cookies sont (liste non-exhaustive) :<\/p>\n\n\n\n<ul class=\"wp-block-list\">\n<li>Facebook : https:\/\/www.facebook.com\/privacy\/explanation ;<\/li>\n\n\n\n<li>Twitter : https:\/\/twitter.com\/fr\/privacy ;<\/li>\n\n\n\n<li>Linkedin : https:\/\/www.linkedin.com\/legal\/privacy-policy ;<\/li>\n\n\n\n<li>Messenger : https:\/\/www.facebook.com\/policy.php ;<\/li>\n<\/ul>\n\n\n\n<p><strong>3. D\u00c9P\u00d4T DE COOKIES PAR SIRDATA<\/strong><\/p>\n\n\n\n<p>Sirdata est une entreprise de data marketing qui permet \u00e0 ses Clients d\u2019adresser aux Utilisateurs des offres pertinentes adapt\u00e9es \u00e0 leurs centres d\u2019int\u00e9r\u00eats. Les Donn\u00e9es collect\u00e9es par Sirdata sont conserv\u00e9es pour une dur\u00e9e maximale de 365 jours, selon la finalit\u00e9 du traitement, conform\u00e9ment aux lois en vigueur et principe de minimisation.<br>En savoir plus :&nbsp;<a href=\"https:\/\/www.sirdata.com\/vie-privee\/\">https:\/\/www.sirdata.com\/vie-privee\/<\/a>.<br>Vous souhaitez d\u00e9sactiver la collecte de vos donn\u00e9es par Sirdata :&nbsp;<a href=\"https:\/\/www.sirdata.com\/opt-out\/\">https:\/\/www.sirdata.com\/opt-out\/<br><\/a>Nous utilisons les cookies ou autre technologies similaires pour collecter et stocker les donn\u00e9es des utilisateurs qui naviguent sur notre site ou qui utilisent nos services.<br>CAPTAIN LEGAL participe et est conforme \u00e0 l\u2019ensemble des Sp\u00e9cifications et Politiques du Transparency &amp; Consent Framework de l\u2019IAB Europe. CAPTAIN LEGAL utilise la Consent Management Platform n\u00b092. Vous pouvez modifier vos choix \u00e0 tout moment en&nbsp;<a href=\"https:\/\/www.modele-lettre-gratuit.com\/cookie.html\">cliquant ici<\/a><\/p>\n\n\n\n<p><strong>4. Comment g\u00e9rer vos cookies ?<\/strong><\/p>\n\n\n\n<p>Notre Site vous permet de param\u00e9trer les cookies d\u00e9pos\u00e9s sur le Site. Vous pouvez \u00e0 tout moment revenir sur vos choix et les param\u00e9trer \u00e0 nouveau en acc\u00e9dant \u00e0 notre interface de gestion des cookies.<\/p>\n\n\n\n<p>Vous pouvez modifier vos choix \u00e0 tout moment en&nbsp;<a href=\"https:\/\/www.modele-lettre-gratuit.com\/cookie.html\">cliquant ici<\/a><\/p>\n\n\n\n<p><strong>5. CNIL<\/strong>Consultez le site cnil.fr pour plus d&rsquo;informations sur vos droits.<\/p>\n\n\n\n<p>Si vous estimez, apr\u00e8s nous avoir contact\u00e9s, que vos droits \u00ab Informatique et Libert\u00e9s \u00bb ne sont pas respect\u00e9s, vous pouvez adresser une r\u00e9clamation \u00e0 la CNIL.<\/p>\n","protected":false},"excerpt":{"rendered":"<p>Politique de cookies Des cookies et autres traceurs ou technologies similaires (ci-apr\u00e8s les \u00ab cookies \u00bb) sont d\u00e9pos\u00e9s, sous r\u00e9serve de vos consentements sp\u00e9cifiques, sur votre ordinateur, smartphone ou tablette (ci-apr\u00e8s l&rsquo;\u00ab Appareil \u00bb) lors de la visite du site web https:\/\/www.leannavfit.com, ci-apr\u00e8s \u00ab le Site \u00bb ou lors de la consultation d&rsquo;une publicit\u00e9. 1. [&hellip;]<\/p>\n","protected":false},"author":1,"featured_media":0,"parent":0,"menu_order":0,"comment_status":"closed","ping_status":"closed","template":"","meta":{"pmpro_default_level":"0","footnotes":""},"class_list":["post-129","page","type-page","status-publish","hentry","pmpro-has-access"],"_hostinger_reach_plugin_has_subscription_block":false,"_hostinger_reach_plugin_is_elementor":false,"_links":{"self":[{"href":"https:\/\/leannavfit.com\/index.php\/wp-json\/wp\/v2\/pages\/129","targetHints":{"allow":["GET"]}}],"collection":[{"href":"https:\/\/leannavfit.com\/index.php\/wp-json\/wp\/v2\/pages"}],"about":[{"href":"https:\/\/leannavfit.com\/index.php\/wp-json\/wp\/v2\/types\/page"}],"author":[{"embeddable":true,"href":"https:\/\/leannavfit.com\/index.php\/wp-json\/wp\/v2\/users\/1"}],"replies":[{"embeddable":true,"href":"https:\/\/leannavfit.com\/index.php\/wp-json\/wp\/v2\/comments?post=129"}],"version-history":[{"count":1,"href":"https:\/\/leannavfit.com\/index.php\/wp-json\/wp\/v2\/pages\/129\/revisions"}],"predecessor-version":[{"id":130,"href":"https:\/\/leannavfit.com\/index.php\/wp-json\/wp\/v2\/pages\/129\/revisions\/130"}],"wp:attachment":[{"href":"https:\/\/leannavfit.com\/index.php\/wp-json\/wp\/v2\/media?parent=129"}],"curies":[{"name":"wp","href":"https:\/\/api.w.org\/{rel}","templated":true}]}}